{"id":4485,"date":"2023-02-05T23:29:57","date_gmt":"2023-02-06T04:29:57","guid":{"rendered":"https:\/\/www.eltulipanperu.com\/privacy-policy\/"},"modified":"2024-01-04T12:03:35","modified_gmt":"2024-01-04T17:03:35","slug":"privacy-policy","status":"publish","type":"page","link":"https:\/\/www.eltulipanperu.com\/en\/privacy-policy\/","title":{"rendered":"Privacy Policy"},"content":{"rendered":"\n<div style=\"height:70px\" aria-hidden=\"true\" class=\"wp-block-spacer\"><\/div>\n\n\n\n<h3 class=\"wp-block-heading has-text-align-center has-ast-global-color-1-color has-text-color\">Privacy Policy of EL TULIP\u00c1N<\/h3>\n\n\n\n<div class=\"wp-block-columns has-ast-global-color-4-background-color has-background is-layout-flex wp-container-core-columns-is-layout-92ff4995 wp-block-columns-is-layout-flex\" style=\"padding-top:var(--wp--preset--spacing--40);padding-bottom:var(--wp--preset--spacing--20)\">\n<div class=\"wp-block-column is-layout-flow wp-block-column-is-layout-flow\" style=\"flex-basis:5%\"><\/div>\n\n\n\n<div class=\"wp-block-column has-ast-global-color-6-background-color has-background is-layout-flow wp-block-column-is-layout-flow\" style=\"padding-top:0;padding-right:var(--wp--preset--spacing--60);padding-bottom:var(--wp--preset--spacing--60);padding-left:var(--wp--preset--spacing--60);flex-basis:90%\">\n<p class=\"has-ast-global-color-0-color has-text-color\"><strong>The Asociaci\u00f3n Cultural El Tulip\u00e1n (EL TULIP\u00c1N) <\/strong>is committed to the security of all data that our students and interested parties share with us as part of their learning experience.<\/p>\n\n\n\n<p class=\"has-ast-global-color-0-color has-text-color\">In this way we explain<strong>the privacy conditions and privacy policy of EL TULIP\u00c1N.<\/strong><\/p>\n\n\n\n<hr class=\"wp-block-separator has-alpha-channel-opacity is-style-dots\" style=\"margin-top:0;margin-bottom:0\"\/>\n\n\n\n<p class=\"has-small-font-size\"><strong>SECURITY<\/strong><\/p>\n\n\n\n<p>The website has the SSL certificate. The Secure Sockets Layer (SSL) protocol has been developed for filling out a form or placing an order on a website. This protocol encrypts data sent via a website and ensures the security of the identity of the certificate owner, so that a malicious hacker cannot see it.<\/p>\n\n\n\n<p>EL TULIP\u00c1N is the sole owner of the information collected through our website (<a href=\"http:\/\/www.eltulipanperu.com\">www.eltulipanperu.com<\/a>) or through the physical or online registration forms. This information will not be shared with a third party outside of EL TULIP\u00c1N.<\/p>\n\n\n\n<p>As part of the learning experience, EL TULIP\u00c1N collects or may collect the following information:<\/p>\n\n\n\n<div class=\"wp-block-getwid-accordion has-icon-left\" data-active-element=\"none\">\n<div class=\"wp-block-getwid-accordion__header-wrapper\"><span class=\"wp-block-getwid-accordion__header\"><a href=\"#\"><span class=\"wp-block-getwid-accordion__header-title\"><strong>Important information regarding a smooth running of the classes:<\/strong><\/span><span class=\"wp-block-getwid-accordion__icon is-active\"><i class=\"fas fa-plus\"><\/i><\/span><span class=\"wp-block-getwid-accordion__icon is-passive\"><i class=\"fas fa-minus\"><\/i><\/span><\/a><\/span><\/div><div class=\"wp-block-getwid-accordion__content-wrapper\"><div class=\"wp-block-getwid-accordion__content\">\n<p>To ensure an optimal service during the lessons, EL TULIP\u00c1N requests the following information:<\/p>\n\n\n\n<ul class=\"wp-block-list\">\n<li>Type and number of the identity document (this information is needed for generating a proof of payment at SUNAT \u2013 National Superintendence of Customs and Tax Administration).<\/li>\n\n\n\n<li>E-mail address (used for communication about classes, payments and notices of future projects, courses, workshops and\/or activities).<\/li>\n\n\n\n<li>Telephone number (the telephone number is used for communication about the lessons, payments and guidance regarding the registration).<\/li>\n\n\n\n<li>Full name (the full name will be used for the certificate if the level is successfully completed or a proof of study upon request).<\/li>\n\n\n\n<li>Nationality (this information is used to get an idea of where our students and interested parties come from and for a possible certificate from El Tulip\u00e1n).<\/li>\n<\/ul>\n<\/div><\/div>\n\n\n\n<div class=\"wp-block-getwid-accordion__header-wrapper\"><span class=\"wp-block-getwid-accordion__header\"><a href=\"#\"><span class=\"wp-block-getwid-accordion__header-title\"><strong>Information about image use and\/or photos:<\/strong><\/span><span class=\"wp-block-getwid-accordion__icon is-active\"><i class=\"fas fa-plus\"><\/i><\/span><span class=\"wp-block-getwid-accordion__icon is-passive\"><i class=\"fas fa-minus\"><\/i><\/span><\/a><\/span><\/div><div class=\"wp-block-getwid-accordion__content-wrapper\"><div class=\"wp-block-getwid-accordion__content\">\n<p>During lessons and activities, EL TULIPAN can take photos of the students in the classes or of the participants of the activities. These photos or other visual material &nbsp;can be used on our website, social media or other material for our marketing.<\/p>\n<\/div><\/div>\n\n\n\n<div class=\"wp-block-getwid-accordion__header-wrapper\"><span class=\"wp-block-getwid-accordion__header\"><a href=\"#\"><span class=\"wp-block-getwid-accordion__header-title\"><strong>Other information that may be requested:<\/strong><\/span><span class=\"wp-block-getwid-accordion__icon is-active\"><i class=\"fas fa-plus\"><\/i><\/span><span class=\"wp-block-getwid-accordion__icon is-passive\"><i class=\"fas fa-minus\"><\/i><\/span><\/a><\/span><\/div><div class=\"wp-block-getwid-accordion__content-wrapper\"><div class=\"wp-block-getwid-accordion__content\">\n<ul class=\"wp-block-list\">\n<li>Native language and knowledge of other languages (this information could help us to better estimate the learning curve).<\/li>\n\n\n\n<li>Date of birth (the date of birth is required for a possible certificate from El Tulip\u00e1n).<\/li>\n<\/ul>\n<\/div><\/div>\n<\/div>\n<\/div>\n\n\n\n<div class=\"wp-block-column is-layout-flow wp-block-column-is-layout-flow\" style=\"flex-basis:5%\"><\/div>\n<\/div>\n\n\n\n<div class=\"wp-block-columns has-white-background-color has-background is-layout-flex wp-container-core-columns-is-layout-12a0b04b wp-block-columns-is-layout-flex\" style=\"padding-top:var(--wp--preset--spacing--40)\">\n<div class=\"wp-block-column is-layout-flow wp-block-column-is-layout-flow\" style=\"flex-basis:5%\"><\/div>\n\n\n\n<div class=\"wp-block-column has-ast-global-color-6-background-color has-background is-layout-flow wp-block-column-is-layout-flow\" style=\"padding-top:var(--wp--preset--spacing--30);padding-right:var(--wp--preset--spacing--60);padding-bottom:var(--wp--preset--spacing--40);padding-left:var(--wp--preset--spacing--60);flex-basis:90%\">\n<p class=\"has-text-align-center has-ast-global-color-5-color has-ast-global-color-0-background-color has-text-color has-background has-small-font-size\"><strong>By <em>clicking<\/em> on the box at the registration form you accept the privacy conditions and privacy policy of EL TULIP\u00c1N.<\/strong><\/p>\n\n\n\n<p class=\"has-text-align-center\" style=\"font-size:12px\">You can indicate that you no longer wish to receive communication from us by sending an e-mail to the e-mail address <em>contacto@eltulipanperu.com. <\/em>You can also always request the partial or complete removal of your data from our file. You can also withdraw permission for the use of photos and\/or other visual material for publications on the website and\/or social media at any time.<\/p>\n<\/div>\n\n\n\n<div class=\"wp-block-column is-layout-flow wp-block-column-is-layout-flow\" style=\"flex-basis:5%\"><\/div>\n<\/div>\n\n\n\n<p><\/p>\n","protected":false},"excerpt":{"rendered":"<p>Privacy Policy of EL TULIP\u00c1N The Asociaci\u00f3n Cultural El Tulip\u00e1n (EL TULIP\u00c1N) is committed to the security of all data that our students and interested &hellip;<\/p>\n<p class=\"read-more\"> <a class=\"\" href=\"https:\/\/www.eltulipanperu.com\/en\/privacy-policy\/\"> <span class=\"screen-reader-text\">Privacy Policy<\/span> + informaci\u00f3n<\/a><\/p>\n","protected":false},"author":5,"featured_media":0,"parent":0,"menu_order":0,"comment_status":"closed","ping_status":"open","template":"","meta":{"_uag_custom_page_level_css":"","site-sidebar-layout":"default","site-content-layout":"default","ast-global-header-display":"","ast-main-header-display":"","ast-hfb-above-header-display":"","ast-hfb-below-header-display":"","ast-hfb-mobile-header-display":"","site-post-title":"disabled","ast-breadcrumbs-content":"","ast-featured-img":"","footer-sml-layout":"","theme-transparent-header-meta":"","adv-header-id-meta":"","stick-header-meta":"","header-above-stick-meta":"","header-main-stick-meta":"","header-below-stick-meta":"","footnotes":""},"class_list":["post-4485","page","type-page","status-publish","hentry"],"uagb_featured_image_src":{"full":false,"thumbnail":false,"medium":false,"medium_large":false,"large":false,"1536x1536":false,"2048x2048":false,"woocommerce_thumbnail":false,"woocommerce_single":false,"woocommerce_gallery_thumbnail":false},"uagb_author_info":{"display_name":"Yuli","author_link":"https:\/\/www.eltulipanperu.com\/en\/author\/yuli\/"},"uagb_comment_info":0,"uagb_excerpt":"Privacy Policy of EL TULIP\u00c1N The Asociaci\u00f3n Cultural El Tulip\u00e1n (EL TULIP\u00c1N) is committed to the security of all data that our students and interested &hellip; Privacy Policy + informaci\u00f3n","_links":{"self":[{"href":"https:\/\/www.eltulipanperu.com\/en\/wp-json\/wp\/v2\/pages\/4485","targetHints":{"allow":["GET"]}}],"collection":[{"href":"https:\/\/www.eltulipanperu.com\/en\/wp-json\/wp\/v2\/pages"}],"about":[{"href":"https:\/\/www.eltulipanperu.com\/en\/wp-json\/wp\/v2\/types\/page"}],"author":[{"embeddable":true,"href":"https:\/\/www.eltulipanperu.com\/en\/wp-json\/wp\/v2\/users\/5"}],"replies":[{"embeddable":true,"href":"https:\/\/www.eltulipanperu.com\/en\/wp-json\/wp\/v2\/comments?post=4485"}],"version-history":[{"count":1,"href":"https:\/\/www.eltulipanperu.com\/en\/wp-json\/wp\/v2\/pages\/4485\/revisions"}],"predecessor-version":[{"id":14905,"href":"https:\/\/www.eltulipanperu.com\/en\/wp-json\/wp\/v2\/pages\/4485\/revisions\/14905"}],"wp:attachment":[{"href":"https:\/\/www.eltulipanperu.com\/en\/wp-json\/wp\/v2\/media?parent=4485"}],"curies":[{"name":"wp","href":"https:\/\/api.w.org\/{rel}","templated":true}]}}