{"id":10290,"date":"2023-07-02T19:22:34","date_gmt":"2023-07-03T00:22:34","guid":{"rendered":"https:\/\/www.eltulipanperu.com\/?post_type=product&#038;p=10290"},"modified":"2023-07-02T19:22:34","modified_gmt":"2023-07-03T00:22:34","slug":"cambridge-advanced-english","status":"publish","type":"product","link":"https:\/\/www.eltulipanperu.com\/en\/producto\/cambridge-advanced-english\/","title":{"rendered":"Cambridge advanced english"},"content":{"rendered":"<p>Libro de segunda. Este libro se encuentra listo para que puedas recogerlo en El Tulip\u00e1n Per\u00fa.<\/p>\n[Ref. 02]\n","protected":false},"excerpt":{"rendered":"<ul>\n<li><strong>Autor:<\/strong> Leo Jones<\/li>\n<li><strong>Idioma:<\/strong> Ingl\u00e9s<\/li>\n<li><strong>A\u00f1o:<\/strong> 1997.<\/li>\n<li><strong>G\u00e9nero: <\/strong>Libro de estudios.<\/li>\n<li><strong>Estado:<\/strong> El libro se encuentra en buen estado.<\/li>\n<\/ul>\n","protected":false},"featured_media":10291,"template":"","meta":{"_uag_custom_page_level_css":"","site-sidebar-layout":"default","site-content-layout":"default","ast-global-header-display":"","ast-main-header-display":"","ast-hfb-above-header-display":"","ast-hfb-below-header-display":"","ast-hfb-mobile-header-display":"","site-post-title":"","ast-breadcrumbs-content":"","ast-featured-img":"","footer-sml-layout":"","theme-transparent-header-meta":"default","adv-header-id-meta":"","stick-header-meta":"","header-above-stick-meta":"","header-main-stick-meta":"","header-below-stick-meta":""},"product_brand":[],"product_cat":[100],"product_tag":[],"class_list":{"0":"post-10290","1":"product","2":"type-product","3":"status-publish","4":"has-post-thumbnail","6":"product_cat-libros-en-ingles","8":"first","9":"instock","10":"shipping-taxable","11":"purchasable","12":"product-type-simple"},"uagb_featured_image_src":{"full":["https:\/\/www.eltulipanperu.com\/wp-content\/uploads\/2023\/07\/58.-Ingles.jpeg",780,1040,false],"thumbnail":["https:\/\/www.eltulipanperu.com\/wp-content\/uploads\/2023\/07\/58.-Ingles-150x150.jpeg",150,150,true],"medium":["https:\/\/www.eltulipanperu.com\/wp-content\/uploads\/2023\/07\/58.-Ingles-225x300.jpeg",225,300,true],"medium_large":["https:\/\/www.eltulipanperu.com\/wp-content\/uploads\/2023\/07\/58.-Ingles-768x1024.jpeg",768,1024,true],"large":["https:\/\/www.eltulipanperu.com\/wp-content\/uploads\/2023\/07\/58.-Ingles-768x1024.jpeg",768,1024,true],"1536x1536":["https:\/\/www.eltulipanperu.com\/wp-content\/uploads\/2023\/07\/58.-Ingles.jpeg",780,1040,false],"2048x2048":["https:\/\/www.eltulipanperu.com\/wp-content\/uploads\/2023\/07\/58.-Ingles.jpeg",780,1040,false],"woocommerce_thumbnail":["https:\/\/www.eltulipanperu.com\/wp-content\/uploads\/2023\/07\/58.-Ingles-300x300.jpeg",300,300,true],"woocommerce_single":["https:\/\/www.eltulipanperu.com\/wp-content\/uploads\/2023\/07\/58.-Ingles-600x800.jpeg",600,800,true],"woocommerce_gallery_thumbnail":["https:\/\/www.eltulipanperu.com\/wp-content\/uploads\/2023\/07\/58.-Ingles-100x100.jpeg",100,100,true]},"uagb_author_info":{"display_name":"Yuli","author_link":"https:\/\/www.eltulipanperu.com\/en\/author\/"},"uagb_comment_info":0,"uagb_excerpt":"Autor: Leo Jones Idioma: Ingl\u00e9s A\u00f1o: 1997. G\u00e9nero: Libro de estudios. Estado: El libro se encuentra en buen estado.","_links":{"self":[{"href":"https:\/\/www.eltulipanperu.com\/en\/wp-json\/wp\/v2\/product\/10290","targetHints":{"allow":["GET"]}}],"collection":[{"href":"https:\/\/www.eltulipanperu.com\/en\/wp-json\/wp\/v2\/product"}],"about":[{"href":"https:\/\/www.eltulipanperu.com\/en\/wp-json\/wp\/v2\/types\/product"}],"wp:featuredmedia":[{"embeddable":true,"href":"https:\/\/www.eltulipanperu.com\/en\/wp-json\/wp\/v2\/media\/10291"}],"wp:attachment":[{"href":"https:\/\/www.eltulipanperu.com\/en\/wp-json\/wp\/v2\/media?parent=10290"}],"wp:term":[{"taxonomy":"product_brand","embeddable":true,"href":"https:\/\/www.eltulipanperu.com\/en\/wp-json\/wp\/v2\/product_brand?post=10290"},{"taxonomy":"product_cat","embeddable":true,"href":"https:\/\/www.eltulipanperu.com\/en\/wp-json\/wp\/v2\/product_cat?post=10290"},{"taxonomy":"product_tag","embeddable":true,"href":"https:\/\/www.eltulipanperu.com\/en\/wp-json\/wp\/v2\/product_tag?post=10290"}],"curies":[{"name":"wp","href":"https:\/\/api.w.org\/{rel}","templated":true}]}}