{"id":11851,"date":"2023-07-16T17:12:30","date_gmt":"2023-07-16T22:12:30","guid":{"rendered":"https:\/\/www.eltulipanperu.com\/?post_type=product&#038;p=11851"},"modified":"2023-07-16T17:12:31","modified_gmt":"2023-07-16T22:12:31","slug":"de-gelukkige-zomer-van-mevrouw-forbes","status":"publish","type":"product","link":"https:\/\/www.eltulipanperu.com\/en\/producto\/de-gelukkige-zomer-van-mevrouw-forbes\/","title":{"rendered":"De gelukkige zomer van mevrouw Forbes"},"content":{"rendered":"<p>Libro de segunda. Este libro se encuentra listo para que puedas recogerlo en El Tulip\u00e1n Per\u00fa.<\/p>\n[Ref. 04]\n","protected":false},"excerpt":{"rendered":"<ul>\n<li><strong>Autor:<\/strong> Gabriel Garc\u00eda M\u00e1rquez.<\/li>\n<li><strong>Idioma:<\/strong> Neerland\u00e9s.<\/li>\n<li><strong>A\u00f1o:<\/strong> 1998.<\/li>\n<li><strong>G\u00e9nero: <\/strong>Ficci\u00f3n.<\/li>\n<li><strong>Estado:<\/strong> El libro se encuentra en buen estado. Contiene manchas internas. libro antiguo.<\/li>\n<\/ul>\n","protected":false},"featured_media":11855,"template":"","meta":{"_uag_custom_page_level_css":"","site-sidebar-layout":"default","site-content-layout":"default","ast-global-header-display":"","ast-main-header-display":"","ast-hfb-above-header-display":"","ast-hfb-below-header-display":"","ast-hfb-mobile-header-display":"","site-post-title":"","ast-breadcrumbs-content":"","ast-featured-img":"","footer-sml-layout":"","theme-transparent-header-meta":"default","adv-header-id-meta":"","stick-header-meta":"","header-above-stick-meta":"","header-main-stick-meta":"","header-below-stick-meta":""},"product_brand":[],"product_cat":[98],"product_tag":[],"class_list":{"0":"post-11851","1":"product","2":"type-product","3":"status-publish","4":"has-post-thumbnail","6":"product_cat-libros-de-otros-paises","8":"first","9":"instock","10":"shipping-taxable","11":"purchasable","12":"product-type-simple"},"uagb_featured_image_src":{"full":["https:\/\/www.eltulipanperu.com\/wp-content\/uploads\/2023\/07\/360.jpg",1238,2059,false],"thumbnail":["https:\/\/www.eltulipanperu.com\/wp-content\/uploads\/2023\/07\/360-150x150.jpg",150,150,true],"medium":["https:\/\/www.eltulipanperu.com\/wp-content\/uploads\/2023\/07\/360-180x300.jpg",180,300,true],"medium_large":["https:\/\/www.eltulipanperu.com\/wp-content\/uploads\/2023\/07\/360-768x1277.jpg",768,1277,true],"large":["https:\/\/www.eltulipanperu.com\/wp-content\/uploads\/2023\/07\/360-616x1024.jpg",616,1024,true],"1536x1536":["https:\/\/www.eltulipanperu.com\/wp-content\/uploads\/2023\/07\/360-924x1536.jpg",924,1536,true],"2048x2048":["https:\/\/www.eltulipanperu.com\/wp-content\/uploads\/2023\/07\/360-1231x2048.jpg",1231,2048,true],"woocommerce_thumbnail":["https:\/\/www.eltulipanperu.com\/wp-content\/uploads\/2023\/07\/360-300x300.jpg",300,300,true],"woocommerce_single":["https:\/\/www.eltulipanperu.com\/wp-content\/uploads\/2023\/07\/360-600x998.jpg",600,998,true],"woocommerce_gallery_thumbnail":["https:\/\/www.eltulipanperu.com\/wp-content\/uploads\/2023\/07\/360-100x100.jpg",100,100,true]},"uagb_author_info":{"display_name":"Yuli","author_link":"https:\/\/www.eltulipanperu.com\/en\/author\/"},"uagb_comment_info":0,"uagb_excerpt":"Autor: Gabriel Garc\u00eda M\u00e1rquez. Idioma: Neerland\u00e9s. A\u00f1o: 1998. G\u00e9nero: Ficci\u00f3n. Estado: El libro se encuentra en buen estado. Contiene manchas internas. libro antiguo.","_links":{"self":[{"href":"https:\/\/www.eltulipanperu.com\/en\/wp-json\/wp\/v2\/product\/11851","targetHints":{"allow":["GET"]}}],"collection":[{"href":"https:\/\/www.eltulipanperu.com\/en\/wp-json\/wp\/v2\/product"}],"about":[{"href":"https:\/\/www.eltulipanperu.com\/en\/wp-json\/wp\/v2\/types\/product"}],"wp:featuredmedia":[{"embeddable":true,"href":"https:\/\/www.eltulipanperu.com\/en\/wp-json\/wp\/v2\/media\/11855"}],"wp:attachment":[{"href":"https:\/\/www.eltulipanperu.com\/en\/wp-json\/wp\/v2\/media?parent=11851"}],"wp:term":[{"taxonomy":"product_brand","embeddable":true,"href":"https:\/\/www.eltulipanperu.com\/en\/wp-json\/wp\/v2\/product_brand?post=11851"},{"taxonomy":"product_cat","embeddable":true,"href":"https:\/\/www.eltulipanperu.com\/en\/wp-json\/wp\/v2\/product_cat?post=11851"},{"taxonomy":"product_tag","embeddable":true,"href":"https:\/\/www.eltulipanperu.com\/en\/wp-json\/wp\/v2\/product_tag?post=11851"}],"curies":[{"name":"wp","href":"https:\/\/api.w.org\/{rel}","templated":true}]}}