{"id":4455,"date":"2023-02-04T08:59:06","date_gmt":"2023-02-04T13:59:06","guid":{"rendered":"https:\/\/example.eltulipanperu.com\/privacybeleid\/"},"modified":"2024-01-04T12:03:19","modified_gmt":"2024-01-04T17:03:19","slug":"privacybeleid","status":"publish","type":"page","link":"https:\/\/www.eltulipanperu.com\/nl\/privacybeleid\/","title":{"rendered":"Privacybeleid"},"content":{"rendered":"\n<div style=\"height:70px\" aria-hidden=\"true\" class=\"wp-block-spacer\"><\/div>\n\n\n\n<h3 class=\"wp-block-heading has-text-align-center has-ast-global-color-1-color has-text-color\">Privacybeleid van EL TULIP\u00c1N<\/h3>\n\n\n\n<div class=\"wp-block-columns has-ast-global-color-4-background-color has-background is-layout-flex wp-container-core-columns-is-layout-92ff4995 wp-block-columns-is-layout-flex\" style=\"padding-top:var(--wp--preset--spacing--40);padding-bottom:var(--wp--preset--spacing--20)\">\n<div class=\"wp-block-column is-layout-flow wp-block-column-is-layout-flow\" style=\"flex-basis:5%\"><\/div>\n\n\n\n<div class=\"wp-block-column has-ast-global-color-6-background-color has-background is-layout-flow wp-block-column-is-layout-flow\" style=\"padding-top:0;padding-right:var(--wp--preset--spacing--60);padding-bottom:var(--wp--preset--spacing--60);padding-left:var(--wp--preset--spacing--60);flex-basis:90%\">\n<p class=\"has-ast-global-color-0-color has-text-color\"><strong>De Asociaci\u00f3n Cultural El Tulip\u00e1n (EL TULIP\u00c1N) <\/strong>is begaan met de veiligheid van alle gegevens die onze leerlingen en ge\u00efnteresseerden met ons delen als onderdeel van hun leerervaring.<\/p>\n\n\n\n<p class=\"has-ast-global-color-0-color has-text-color\">Door middel van deze weg leggen wij <strong> de privacyvoorwaarden en het privacybeleid van EL TULIP\u00c1N<\/strong> uit.<\/p>\n\n\n\n<hr class=\"wp-block-separator has-alpha-channel-opacity is-style-dots\" style=\"margin-top:0;margin-bottom:0\"\/>\n\n\n\n<p class=\"has-small-font-size\"><strong>VEILIGHEID<\/strong><\/p>\n\n\n\n<p>De website beschikt over een SSL-certificaat. Het Secure Sockets Layer (SSL) protocol is ontwikkeld voor het invullen van een formulier of het plaatsen van een bestelling op je website. Dit protocol versleutelt data die via een website verstuurd worden en garandeert veiligheid van de identiteit van de eigenaar van het certificaat, zodat een kwaadwillende hacker niet mee kan kijken.<\/p>\n\n\n\n<p>EL TULIP\u00c1N is de enige eigenaar van de informatie die op onze website (<a href=\"http:\/\/www.eltulipanperu.com\">www.eltulipanperu.com<\/a>) of via de fysieke of online inschrijfformulieren verzameld wordt. Deze informatie wordt niet met derden van buiten EL TULIP\u00c1N gedeeld.<\/p>\n\n\n\n<p>Als onderdeel van de leerervaring, verzamelt of kan EL TULIP\u00c1N de volgende informatie:<\/p>\n\n\n\n<div class=\"wp-block-getwid-accordion has-icon-left\" data-active-element=\"none\">\n<div class=\"wp-block-getwid-accordion__header-wrapper\"><span class=\"wp-block-getwid-accordion__header\"><a href=\"#\"><span class=\"wp-block-getwid-accordion__header-title\"><strong>Belangrijke informatie met betrekking tot een goed verloop van de lessen:<\/strong><\/span><span class=\"wp-block-getwid-accordion__icon is-active\"><i class=\"fas fa-plus\"><\/i><\/span><span class=\"wp-block-getwid-accordion__icon is-passive\"><i class=\"fas fa-minus\"><\/i><\/span><\/a><\/span><\/div><div class=\"wp-block-getwid-accordion__content-wrapper\"><div class=\"wp-block-getwid-accordion__content\">\n<p>Om je een optimale service tijdens de lessen te kunnen garanderen, vraagt EL TULIP\u00c1N de volgende informatie:<\/p>\n\n\n\n<ul class=\"wp-block-list\">\n<li>Type en nummer van het identiteitsdocument (deze informatie is nodig voor het genereren van een betaalbewijs bij de SUNAT \u2013 Peruaanse belastingdienst).<\/li>\n\n\n\n<li>E-mailadres (het e-mailadres wordt gebruikt voor communicatie omtrent de lessen, betalingen en mededelingen over nieuwe projecten, cursussen, workshops en\/of activiteiten).<\/li>\n\n\n\n<li>Telefoonnummer (het telefoonnummer wordt gebruikt voor communicatie omtrent de lessen, betalingen en begeleiding met betrekking tot de inschrijving).<\/li>\n\n\n\n<li>Volledige naam (de volledige naam wordt gebruikt voor het certificaat, indien het niveau met goed gevolg wordt afgerond of op verzoek een studieverklaring).<\/li>\n\n\n\n<li>Nationaliteit (deze informatie wordt gebruikt om een idee te krijgen waar onze leerlingen en ge\u00efnteresseerden vandaan komen en voor een eventueel certificaat van El Tulip\u00e1n).<\/li>\n<\/ul>\n<\/div><\/div>\n\n\n\n<div class=\"wp-block-getwid-accordion__header-wrapper\"><span class=\"wp-block-getwid-accordion__header\"><a href=\"#\"><span class=\"wp-block-getwid-accordion__header-title\"><strong>Informatie over beeldgebruik en\/of foto\u2019s:<\/strong><\/span><span class=\"wp-block-getwid-accordion__icon is-active\"><i class=\"fas fa-plus\"><\/i><\/span><span class=\"wp-block-getwid-accordion__icon is-passive\"><i class=\"fas fa-minus\"><\/i><\/span><\/a><\/span><\/div><div class=\"wp-block-getwid-accordion__content-wrapper\"><div class=\"wp-block-getwid-accordion__content\">\n<p>Tijdens lessen en activiteiten kan EL TULIPAN foto\u2019s van de leerlingen in de les of van de deelnemers aan activiteiten. Deze foto\u2019s of ander beeldmateriaal &nbsp; kunnen worden gebruikt voor op onze website, social media of ander soort materiaal voor onze marketing.<\/p>\n<\/div><\/div>\n\n\n\n<div class=\"wp-block-getwid-accordion__header-wrapper\"><span class=\"wp-block-getwid-accordion__header\"><a href=\"#\"><span class=\"wp-block-getwid-accordion__header-title\"><strong>Overige informatie die gevraagd kan worden:<\/strong><\/span><span class=\"wp-block-getwid-accordion__icon is-active\"><i class=\"fas fa-plus\"><\/i><\/span><span class=\"wp-block-getwid-accordion__icon is-passive\"><i class=\"fas fa-minus\"><\/i><\/span><\/a><\/span><\/div><div class=\"wp-block-getwid-accordion__content-wrapper\"><div class=\"wp-block-getwid-accordion__content\">\n<ul class=\"wp-block-list\">\n<li>Moedertaal en kennis van andere talen (deze informatie zou ons kunnen helpen bij het beter in kunnen schatten van de leercurve).<\/li>\n\n\n\n<li>Geboortedatum (de geboortedatum is nodig voor een eventueel certificaat van El Tulip\u00e1n).<\/li>\n<\/ul>\n<\/div><\/div>\n<\/div>\n<\/div>\n\n\n\n<div class=\"wp-block-column is-layout-flow wp-block-column-is-layout-flow\" style=\"flex-basis:5%\"><\/div>\n<\/div>\n\n\n\n<div class=\"wp-block-columns has-white-background-color has-background is-layout-flex wp-container-core-columns-is-layout-12a0b04b wp-block-columns-is-layout-flex\" style=\"padding-top:var(--wp--preset--spacing--40)\">\n<div class=\"wp-block-column is-layout-flow wp-block-column-is-layout-flow\" style=\"flex-basis:5%\"><\/div>\n\n\n\n<div class=\"wp-block-column has-ast-global-color-6-background-color has-background is-layout-flow wp-block-column-is-layout-flow\" style=\"padding-top:var(--wp--preset--spacing--30);padding-right:var(--wp--preset--spacing--60);padding-bottom:var(--wp--preset--spacing--40);padding-left:var(--wp--preset--spacing--60);flex-basis:90%\">\n<p class=\"has-text-align-center has-ast-global-color-5-color has-ast-global-color-0-background-color has-text-color has-background has-small-font-size\"><strong><em>Klikkend<\/em> op het vakje bij het inschrijfformulier accepteer je de privacyvoorwaarden en het privacybeleid van EL TULIP\u00c1N.<\/strong><\/p>\n\n\n\n<p class=\"has-text-align-center\" style=\"font-size:12px\">Je kunt aangeven geen communicatie van onze zijde meer te willen ontvangen door een mail te sturen naar het e-mailadres <em>contacto@eltulipanperu.com. <\/em>Ook kan je altijd verzoeken om jouw gegevens gedeeltelijk of volledig uit ons bestand te verwijderen. Tevens kan je op enig moment de toestemming voor het gebruik van foto\u2019s en\/of ander beeldmateriaal voor publicaties op de website en\/of social media intrekken.<\/p>\n<\/div>\n\n\n\n<div class=\"wp-block-column is-layout-flow wp-block-column-is-layout-flow\" style=\"flex-basis:5%\"><\/div>\n<\/div>\n\n\n\n<p><\/p>\n","protected":false},"excerpt":{"rendered":"<p>Privacybeleid van EL TULIP\u00c1N De Asociaci\u00f3n Cultural El Tulip\u00e1n (EL TULIP\u00c1N) is begaan met de veiligheid van alle gegevens die onze leerlingen en ge\u00efnteresseerden met &hellip;<\/p>\n<p class=\"read-more\"> <a class=\"\" href=\"https:\/\/www.eltulipanperu.com\/nl\/privacybeleid\/\"> <span class=\"screen-reader-text\">Privacybeleid<\/span> + informaci\u00f3n<\/a><\/p>\n","protected":false},"author":5,"featured_media":0,"parent":0,"menu_order":0,"comment_status":"closed","ping_status":"open","template":"","meta":{"_uag_custom_page_level_css":"","site-sidebar-layout":"default","site-content-layout":"default","ast-global-header-display":"","ast-main-header-display":"","ast-hfb-above-header-display":"","ast-hfb-below-header-display":"","ast-hfb-mobile-header-display":"","site-post-title":"disabled","ast-breadcrumbs-content":"","ast-featured-img":"","footer-sml-layout":"","theme-transparent-header-meta":"","adv-header-id-meta":"","stick-header-meta":"","header-above-stick-meta":"","header-main-stick-meta":"","header-below-stick-meta":"","footnotes":""},"class_list":["post-4455","page","type-page","status-publish","hentry"],"uagb_featured_image_src":{"full":false,"thumbnail":false,"medium":false,"medium_large":false,"large":false,"1536x1536":false,"2048x2048":false,"woocommerce_thumbnail":false,"woocommerce_single":false,"woocommerce_gallery_thumbnail":false},"uagb_author_info":{"display_name":"Yuli","author_link":"https:\/\/www.eltulipanperu.com\/nl\/author\/yuli\/"},"uagb_comment_info":0,"uagb_excerpt":"Privacybeleid van EL TULIP\u00c1N De Asociaci\u00f3n Cultural El Tulip\u00e1n (EL TULIP\u00c1N) is begaan met de veiligheid van alle gegevens die onze leerlingen en ge\u00efnteresseerden met &hellip; Privacybeleid + informaci\u00f3n","_links":{"self":[{"href":"https:\/\/www.eltulipanperu.com\/nl\/wp-json\/wp\/v2\/pages\/4455","targetHints":{"allow":["GET"]}}],"collection":[{"href":"https:\/\/www.eltulipanperu.com\/nl\/wp-json\/wp\/v2\/pages"}],"about":[{"href":"https:\/\/www.eltulipanperu.com\/nl\/wp-json\/wp\/v2\/types\/page"}],"author":[{"embeddable":true,"href":"https:\/\/www.eltulipanperu.com\/nl\/wp-json\/wp\/v2\/users\/5"}],"replies":[{"embeddable":true,"href":"https:\/\/www.eltulipanperu.com\/nl\/wp-json\/wp\/v2\/comments?post=4455"}],"version-history":[{"count":1,"href":"https:\/\/www.eltulipanperu.com\/nl\/wp-json\/wp\/v2\/pages\/4455\/revisions"}],"predecessor-version":[{"id":15150,"href":"https:\/\/www.eltulipanperu.com\/nl\/wp-json\/wp\/v2\/pages\/4455\/revisions\/15150"}],"wp:attachment":[{"href":"https:\/\/www.eltulipanperu.com\/nl\/wp-json\/wp\/v2\/media?parent=4455"}],"curies":[{"name":"wp","href":"https:\/\/api.w.org\/{rel}","templated":true}]}}