{"id":10350,"date":"2023-07-02T20:03:42","date_gmt":"2023-07-03T01:03:42","guid":{"rendered":"https:\/\/www.eltulipanperu.com\/?post_type=product&#038;p=10350"},"modified":"2023-07-02T20:03:42","modified_gmt":"2023-07-03T01:03:42","slug":"cosa-nostra","status":"publish","type":"product","link":"https:\/\/www.eltulipanperu.com\/nl\/producto\/cosa-nostra\/","title":{"rendered":"Cosa Nostra"},"content":{"rendered":"<p>Libro de segunda. Este libro se encuentra listo para que puedas recogerlo en El Tulip\u00e1n Per\u00fa.<\/p>\n[Ref. 02]\n","protected":false},"excerpt":{"rendered":"<ul>\n<li><strong>Autor:<\/strong> John Dichie.<\/li>\n<li><strong>Idioma:<\/strong> Ingl\u00e9s &#8211; Reino Unido.<\/li>\n<li><strong>A\u00f1o:<\/strong> 2004.<\/li>\n<li><strong>G\u00e9nero: <\/strong>No ficci\u00f3n.<\/li>\n<li><strong>Estado:<\/strong> El libro se encuentra en buen estado.<\/li>\n<\/ul>\n","protected":false},"featured_media":10351,"template":"","meta":{"_uag_custom_page_level_css":"","site-sidebar-layout":"default","site-content-layout":"default","ast-global-header-display":"","ast-main-header-display":"","ast-hfb-above-header-display":"","ast-hfb-below-header-display":"","ast-hfb-mobile-header-display":"","site-post-title":"","ast-breadcrumbs-content":"","ast-featured-img":"","footer-sml-layout":"","theme-transparent-header-meta":"default","adv-header-id-meta":"","stick-header-meta":"","header-above-stick-meta":"","header-main-stick-meta":"","header-below-stick-meta":""},"product_brand":[],"product_cat":[100],"product_tag":[],"class_list":{"0":"post-10350","1":"product","2":"type-product","3":"status-publish","4":"has-post-thumbnail","6":"product_cat-libros-en-ingles","8":"first","9":"instock","10":"shipping-taxable","11":"purchasable","12":"product-type-simple"},"uagb_featured_image_src":{"full":["https:\/\/www.eltulipanperu.com\/wp-content\/uploads\/2023\/07\/63.-Ingles1.jpeg",1056,1408,false],"thumbnail":["https:\/\/www.eltulipanperu.com\/wp-content\/uploads\/2023\/07\/63.-Ingles1-150x150.jpeg",150,150,true],"medium":["https:\/\/www.eltulipanperu.com\/wp-content\/uploads\/2023\/07\/63.-Ingles1-225x300.jpeg",225,300,true],"medium_large":["https:\/\/www.eltulipanperu.com\/wp-content\/uploads\/2023\/07\/63.-Ingles1-768x1024.jpeg",768,1024,true],"large":["https:\/\/www.eltulipanperu.com\/wp-content\/uploads\/2023\/07\/63.-Ingles1-768x1024.jpeg",768,1024,true],"1536x1536":["https:\/\/www.eltulipanperu.com\/wp-content\/uploads\/2023\/07\/63.-Ingles1.jpeg",1056,1408,false],"2048x2048":["https:\/\/www.eltulipanperu.com\/wp-content\/uploads\/2023\/07\/63.-Ingles1.jpeg",1056,1408,false],"woocommerce_thumbnail":["https:\/\/www.eltulipanperu.com\/wp-content\/uploads\/2023\/07\/63.-Ingles1-300x300.jpeg",300,300,true],"woocommerce_single":["https:\/\/www.eltulipanperu.com\/wp-content\/uploads\/2023\/07\/63.-Ingles1-600x800.jpeg",600,800,true],"woocommerce_gallery_thumbnail":["https:\/\/www.eltulipanperu.com\/wp-content\/uploads\/2023\/07\/63.-Ingles1-100x100.jpeg",100,100,true]},"uagb_author_info":{"display_name":"Yuli","author_link":"https:\/\/www.eltulipanperu.com\/nl\/author\/"},"uagb_comment_info":0,"uagb_excerpt":"Autor: John Dichie. Idioma: Ingl\u00e9s - Reino Unido. A\u00f1o: 2004. G\u00e9nero: No ficci\u00f3n. Estado: El libro se encuentra en buen estado.","_links":{"self":[{"href":"https:\/\/www.eltulipanperu.com\/nl\/wp-json\/wp\/v2\/product\/10350","targetHints":{"allow":["GET"]}}],"collection":[{"href":"https:\/\/www.eltulipanperu.com\/nl\/wp-json\/wp\/v2\/product"}],"about":[{"href":"https:\/\/www.eltulipanperu.com\/nl\/wp-json\/wp\/v2\/types\/product"}],"wp:featuredmedia":[{"embeddable":true,"href":"https:\/\/www.eltulipanperu.com\/nl\/wp-json\/wp\/v2\/media\/10351"}],"wp:attachment":[{"href":"https:\/\/www.eltulipanperu.com\/nl\/wp-json\/wp\/v2\/media?parent=10350"}],"wp:term":[{"taxonomy":"product_brand","embeddable":true,"href":"https:\/\/www.eltulipanperu.com\/nl\/wp-json\/wp\/v2\/product_brand?post=10350"},{"taxonomy":"product_cat","embeddable":true,"href":"https:\/\/www.eltulipanperu.com\/nl\/wp-json\/wp\/v2\/product_cat?post=10350"},{"taxonomy":"product_tag","embeddable":true,"href":"https:\/\/www.eltulipanperu.com\/nl\/wp-json\/wp\/v2\/product_tag?post=10350"}],"curies":[{"name":"wp","href":"https:\/\/api.w.org\/{rel}","templated":true}]}}