{"id":10530,"date":"2023-07-09T12:27:05","date_gmt":"2023-07-09T17:27:05","guid":{"rendered":"https:\/\/www.eltulipanperu.com\/?post_type=product&#038;p=10530"},"modified":"2023-07-09T12:27:05","modified_gmt":"2023-07-09T17:27:05","slug":"introduction-to-materials-management","status":"publish","type":"product","link":"https:\/\/www.eltulipanperu.com\/nl\/producto\/introduction-to-materials-management\/","title":{"rendered":"Introduction to Materials Management"},"content":{"rendered":"<p>Libro de segunda. Este libro se encuentra listo para que puedas recogerlo en El Tulip\u00e1n Per\u00fa.<\/p>\n[Ref. 02]\n","protected":false},"excerpt":{"rendered":"<ul>\n<li><strong>Autor:<\/strong> J.R. Tony Arnold \/ Stephen N. Chapman<\/li>\n<li><strong>Idioma:<\/strong> Ingl\u00e9s &#8211; EEUU.<\/li>\n<li><strong>A\u00f1o:<\/strong> 2004.<\/li>\n<li><strong>G\u00e9nero: <\/strong>No ficci\u00f3n &#8211; libro de estudios.<\/li>\n<li><strong>Estado:<\/strong> El libro se encuentra en buen estado. En la portada presenta una peque\u00f1a rotura.<\/li>\n<\/ul>\n","protected":false},"featured_media":10537,"template":"","meta":{"_uag_custom_page_level_css":"","site-sidebar-layout":"default","site-content-layout":"default","ast-global-header-display":"","ast-main-header-display":"","ast-hfb-above-header-display":"","ast-hfb-below-header-display":"","ast-hfb-mobile-header-display":"","site-post-title":"","ast-breadcrumbs-content":"","ast-featured-img":"","footer-sml-layout":"","theme-transparent-header-meta":"default","adv-header-id-meta":"","stick-header-meta":"","header-above-stick-meta":"","header-main-stick-meta":"","header-below-stick-meta":""},"product_brand":[],"product_cat":[100],"product_tag":[],"class_list":{"0":"post-10530","1":"product","2":"type-product","3":"status-publish","4":"has-post-thumbnail","6":"product_cat-libros-en-ingles","8":"first","9":"instock","10":"shipping-taxable","11":"purchasable","12":"product-type-simple"},"uagb_featured_image_src":{"full":["https:\/\/www.eltulipanperu.com\/wp-content\/uploads\/2023\/07\/56.-Ingles-1.jpeg",780,1040,false],"thumbnail":["https:\/\/www.eltulipanperu.com\/wp-content\/uploads\/2023\/07\/56.-Ingles-1-150x150.jpeg",150,150,true],"medium":["https:\/\/www.eltulipanperu.com\/wp-content\/uploads\/2023\/07\/56.-Ingles-1-225x300.jpeg",225,300,true],"medium_large":["https:\/\/www.eltulipanperu.com\/wp-content\/uploads\/2023\/07\/56.-Ingles-1-768x1024.jpeg",768,1024,true],"large":["https:\/\/www.eltulipanperu.com\/wp-content\/uploads\/2023\/07\/56.-Ingles-1-768x1024.jpeg",768,1024,true],"1536x1536":["https:\/\/www.eltulipanperu.com\/wp-content\/uploads\/2023\/07\/56.-Ingles-1.jpeg",780,1040,false],"2048x2048":["https:\/\/www.eltulipanperu.com\/wp-content\/uploads\/2023\/07\/56.-Ingles-1.jpeg",780,1040,false],"woocommerce_thumbnail":["https:\/\/www.eltulipanperu.com\/wp-content\/uploads\/2023\/07\/56.-Ingles-1-300x300.jpeg",300,300,true],"woocommerce_single":["https:\/\/www.eltulipanperu.com\/wp-content\/uploads\/2023\/07\/56.-Ingles-1-600x800.jpeg",600,800,true],"woocommerce_gallery_thumbnail":["https:\/\/www.eltulipanperu.com\/wp-content\/uploads\/2023\/07\/56.-Ingles-1-100x100.jpeg",100,100,true]},"uagb_author_info":{"display_name":"Yuli","author_link":"https:\/\/www.eltulipanperu.com\/nl\/author\/"},"uagb_comment_info":0,"uagb_excerpt":"Autor: J.R. Tony Arnold \/ Stephen N. Chapman Idioma: Ingl\u00e9s - EEUU. A\u00f1o: 2004. G\u00e9nero: No ficci\u00f3n - libro de estudios. Estado: El libro se encuentra en buen estado. En la portada presenta una peque\u00f1a rotura.","_links":{"self":[{"href":"https:\/\/www.eltulipanperu.com\/nl\/wp-json\/wp\/v2\/product\/10530","targetHints":{"allow":["GET"]}}],"collection":[{"href":"https:\/\/www.eltulipanperu.com\/nl\/wp-json\/wp\/v2\/product"}],"about":[{"href":"https:\/\/www.eltulipanperu.com\/nl\/wp-json\/wp\/v2\/types\/product"}],"wp:featuredmedia":[{"embeddable":true,"href":"https:\/\/www.eltulipanperu.com\/nl\/wp-json\/wp\/v2\/media\/10537"}],"wp:attachment":[{"href":"https:\/\/www.eltulipanperu.com\/nl\/wp-json\/wp\/v2\/media?parent=10530"}],"wp:term":[{"taxonomy":"product_brand","embeddable":true,"href":"https:\/\/www.eltulipanperu.com\/nl\/wp-json\/wp\/v2\/product_brand?post=10530"},{"taxonomy":"product_cat","embeddable":true,"href":"https:\/\/www.eltulipanperu.com\/nl\/wp-json\/wp\/v2\/product_cat?post=10530"},{"taxonomy":"product_tag","embeddable":true,"href":"https:\/\/www.eltulipanperu.com\/nl\/wp-json\/wp\/v2\/product_tag?post=10530"}],"curies":[{"name":"wp","href":"https:\/\/api.w.org\/{rel}","templated":true}]}}