{"id":11918,"date":"2023-07-16T17:56:15","date_gmt":"2023-07-16T22:56:15","guid":{"rendered":"https:\/\/www.eltulipanperu.com\/?post_type=product&#038;p=11918"},"modified":"2023-07-16T17:56:15","modified_gmt":"2023-07-16T22:56:15","slug":"het-stationnetje","status":"publish","type":"product","link":"https:\/\/www.eltulipanperu.com\/nl\/producto\/het-stationnetje\/","title":{"rendered":"Het Stationnetje"},"content":{"rendered":"<p>Libro de segunda. Este libro se encuentra listo para que puedas recogerlo en El Tulip\u00e1n Per\u00fa.<\/p>\n[Ref. 04]\n","protected":false},"excerpt":{"rendered":"<ul>\n<li><strong>Autor:<\/strong> Joeri Kazakov.<\/li>\n<li><strong>Idioma:<\/strong> Neerland\u00e9s.<\/li>\n<li><strong>A\u00f1o:<\/strong> 1963.<\/li>\n<li><strong>G\u00e9nero: <\/strong>Ficci\u00f3n.<\/li>\n<li><strong>Estado:<\/strong> El libro se encuentra en estado regular.<\/li>\n<\/ul>\n","protected":false},"featured_media":11919,"template":"","meta":{"_uag_custom_page_level_css":"","site-sidebar-layout":"default","site-content-layout":"default","ast-global-header-display":"","ast-main-header-display":"","ast-hfb-above-header-display":"","ast-hfb-below-header-display":"","ast-hfb-mobile-header-display":"","site-post-title":"","ast-breadcrumbs-content":"","ast-featured-img":"","footer-sml-layout":"","theme-transparent-header-meta":"default","adv-header-id-meta":"","stick-header-meta":"","header-above-stick-meta":"","header-main-stick-meta":"","header-below-stick-meta":""},"product_brand":[],"product_cat":[98],"product_tag":[],"class_list":{"0":"post-11918","1":"product","2":"type-product","3":"status-publish","4":"has-post-thumbnail","6":"product_cat-libros-de-otros-paises","8":"first","9":"instock","10":"shipping-taxable","11":"purchasable","12":"product-type-simple"},"uagb_featured_image_src":{"full":["https:\/\/www.eltulipanperu.com\/wp-content\/uploads\/2023\/07\/358.jpg",1454,2350,false],"thumbnail":["https:\/\/www.eltulipanperu.com\/wp-content\/uploads\/2023\/07\/358-150x150.jpg",150,150,true],"medium":["https:\/\/www.eltulipanperu.com\/wp-content\/uploads\/2023\/07\/358-186x300.jpg",186,300,true],"medium_large":["https:\/\/www.eltulipanperu.com\/wp-content\/uploads\/2023\/07\/358-768x1241.jpg",768,1241,true],"large":["https:\/\/www.eltulipanperu.com\/wp-content\/uploads\/2023\/07\/358-634x1024.jpg",634,1024,true],"1536x1536":["https:\/\/www.eltulipanperu.com\/wp-content\/uploads\/2023\/07\/358-950x1536.jpg",950,1536,true],"2048x2048":["https:\/\/www.eltulipanperu.com\/wp-content\/uploads\/2023\/07\/358-1267x2048.jpg",1267,2048,true],"woocommerce_thumbnail":["https:\/\/www.eltulipanperu.com\/wp-content\/uploads\/2023\/07\/358-300x300.jpg",300,300,true],"woocommerce_single":["https:\/\/www.eltulipanperu.com\/wp-content\/uploads\/2023\/07\/358-600x970.jpg",600,970,true],"woocommerce_gallery_thumbnail":["https:\/\/www.eltulipanperu.com\/wp-content\/uploads\/2023\/07\/358-100x100.jpg",100,100,true]},"uagb_author_info":{"display_name":"Yuli","author_link":"https:\/\/www.eltulipanperu.com\/nl\/author\/"},"uagb_comment_info":0,"uagb_excerpt":"Autor: Joeri Kazakov. Idioma: Neerland\u00e9s. A\u00f1o: 1963. G\u00e9nero: Ficci\u00f3n. Estado: El libro se encuentra en estado regular.","_links":{"self":[{"href":"https:\/\/www.eltulipanperu.com\/nl\/wp-json\/wp\/v2\/product\/11918","targetHints":{"allow":["GET"]}}],"collection":[{"href":"https:\/\/www.eltulipanperu.com\/nl\/wp-json\/wp\/v2\/product"}],"about":[{"href":"https:\/\/www.eltulipanperu.com\/nl\/wp-json\/wp\/v2\/types\/product"}],"wp:featuredmedia":[{"embeddable":true,"href":"https:\/\/www.eltulipanperu.com\/nl\/wp-json\/wp\/v2\/media\/11919"}],"wp:attachment":[{"href":"https:\/\/www.eltulipanperu.com\/nl\/wp-json\/wp\/v2\/media?parent=11918"}],"wp:term":[{"taxonomy":"product_brand","embeddable":true,"href":"https:\/\/www.eltulipanperu.com\/nl\/wp-json\/wp\/v2\/product_brand?post=11918"},{"taxonomy":"product_cat","embeddable":true,"href":"https:\/\/www.eltulipanperu.com\/nl\/wp-json\/wp\/v2\/product_cat?post=11918"},{"taxonomy":"product_tag","embeddable":true,"href":"https:\/\/www.eltulipanperu.com\/nl\/wp-json\/wp\/v2\/product_tag?post=11918"}],"curies":[{"name":"wp","href":"https:\/\/api.w.org\/{rel}","templated":true}]}}