{"id":9960,"date":"2023-07-02T13:30:50","date_gmt":"2023-07-02T18:30:50","guid":{"rendered":"https:\/\/www.eltulipanperu.com\/?post_type=product&#038;p=9960"},"modified":"2023-07-02T14:05:09","modified_gmt":"2023-07-02T19:05:09","slug":"rafa-miej-verhaal","status":"publish","type":"product","link":"https:\/\/www.eltulipanperu.com\/nl\/producto\/rafa-miej-verhaal\/","title":{"rendered":"Rafa, mijn verhaal"},"content":{"rendered":"<p>Libro de segunda. Este libro se encuentra listo para que puedas recogerlo en El Tulip\u00e1n Per\u00fa.<\/p>\n","protected":false},"excerpt":{"rendered":"<ul>\n<li><strong>Autor:<\/strong> Rafael Nadal en John Carlin.<\/li>\n<li><strong>Idioma:<\/strong> Neerland\u00e9s.<\/li>\n<li><strong>A\u00f1o:<\/strong> 2011.<\/li>\n<li><strong>G\u00e9nero: <\/strong>No ficci\u00f3n &#8211; Autobiograf\u00eda.<\/li>\n<li><strong>Estado:<\/strong> El libro se encuentra en buen estado. Presenta manchas peque\u00f1as.<\/li>\n<\/ul>\n","protected":false},"featured_media":9961,"template":"","meta":{"_uag_custom_page_level_css":"","site-sidebar-layout":"default","site-content-layout":"default","ast-global-header-display":"","ast-main-header-display":"","ast-hfb-above-header-display":"","ast-hfb-below-header-display":"","ast-hfb-mobile-header-display":"","site-post-title":"","ast-breadcrumbs-content":"","ast-featured-img":"","footer-sml-layout":"","theme-transparent-header-meta":"default","adv-header-id-meta":"","stick-header-meta":"","header-above-stick-meta":"","header-main-stick-meta":"","header-below-stick-meta":""},"product_brand":[],"product_cat":[98],"product_tag":[],"class_list":{"0":"post-9960","1":"product","2":"type-product","3":"status-publish","4":"has-post-thumbnail","6":"product_cat-libros-de-otros-paises","8":"first","9":"instock","10":"shipping-taxable","11":"purchasable","12":"product-type-simple"},"uagb_featured_image_src":{"full":["https:\/\/www.eltulipanperu.com\/wp-content\/uploads\/2023\/07\/131.jpeg",1200,1600,false],"thumbnail":["https:\/\/www.eltulipanperu.com\/wp-content\/uploads\/2023\/07\/131-150x150.jpeg",150,150,true],"medium":["https:\/\/www.eltulipanperu.com\/wp-content\/uploads\/2023\/07\/131-225x300.jpeg",225,300,true],"medium_large":["https:\/\/www.eltulipanperu.com\/wp-content\/uploads\/2023\/07\/131-768x1024.jpeg",768,1024,true],"large":["https:\/\/www.eltulipanperu.com\/wp-content\/uploads\/2023\/07\/131-768x1024.jpeg",768,1024,true],"1536x1536":["https:\/\/www.eltulipanperu.com\/wp-content\/uploads\/2023\/07\/131-1152x1536.jpeg",1152,1536,true],"2048x2048":["https:\/\/www.eltulipanperu.com\/wp-content\/uploads\/2023\/07\/131.jpeg",1200,1600,false],"woocommerce_thumbnail":["https:\/\/www.eltulipanperu.com\/wp-content\/uploads\/2023\/07\/131-300x300.jpeg",300,300,true],"woocommerce_single":["https:\/\/www.eltulipanperu.com\/wp-content\/uploads\/2023\/07\/131-600x800.jpeg",600,800,true],"woocommerce_gallery_thumbnail":["https:\/\/www.eltulipanperu.com\/wp-content\/uploads\/2023\/07\/131-100x100.jpeg",100,100,true]},"uagb_author_info":{"display_name":"Yuli","author_link":"https:\/\/www.eltulipanperu.com\/nl\/author\/"},"uagb_comment_info":0,"uagb_excerpt":"Autor: Rafael Nadal en John Carlin. Idioma: Neerland\u00e9s. A\u00f1o: 2011. G\u00e9nero: No ficci\u00f3n - Autobiograf\u00eda. Estado: El libro se encuentra en buen estado. Presenta manchas peque\u00f1as.","_links":{"self":[{"href":"https:\/\/www.eltulipanperu.com\/nl\/wp-json\/wp\/v2\/product\/9960","targetHints":{"allow":["GET"]}}],"collection":[{"href":"https:\/\/www.eltulipanperu.com\/nl\/wp-json\/wp\/v2\/product"}],"about":[{"href":"https:\/\/www.eltulipanperu.com\/nl\/wp-json\/wp\/v2\/types\/product"}],"wp:featuredmedia":[{"embeddable":true,"href":"https:\/\/www.eltulipanperu.com\/nl\/wp-json\/wp\/v2\/media\/9961"}],"wp:attachment":[{"href":"https:\/\/www.eltulipanperu.com\/nl\/wp-json\/wp\/v2\/media?parent=9960"}],"wp:term":[{"taxonomy":"product_brand","embeddable":true,"href":"https:\/\/www.eltulipanperu.com\/nl\/wp-json\/wp\/v2\/product_brand?post=9960"},{"taxonomy":"product_cat","embeddable":true,"href":"https:\/\/www.eltulipanperu.com\/nl\/wp-json\/wp\/v2\/product_cat?post=9960"},{"taxonomy":"product_tag","embeddable":true,"href":"https:\/\/www.eltulipanperu.com\/nl\/wp-json\/wp\/v2\/product_tag?post=9960"}],"curies":[{"name":"wp","href":"https:\/\/api.w.org\/{rel}","templated":true}]}}